{"id":534,"date":"2020-07-01T11:36:59","date_gmt":"2020-07-01T09:36:59","guid":{"rendered":"https:\/\/suempol.pl\/?page_id=534"},"modified":"2020-09-23T21:02:38","modified_gmt":"2020-09-23T19:02:38","slug":"privacy-policy","status":"publish","type":"page","link":"https:\/\/suempol.pl\/en\/privacy-policy\/","title":{"rendered":"Privacy policy"},"content":{"rendered":"<p><!--more--><\/p>\n<h4 style=\"text-align: left;\">The cookie policy on suempol.pl<\/h4>\n<p style=\"text-align: left;\">\nThe suempol.pl website may use &#8220;cookies&#8221; to identify your session. These files are responsible for<br \/>\nthe correct operation of the suempol.pl website.<\/p>\n<h4 style=\"text-align: left;\">\nWhat is a cookie<\/h4>\n<p style=\"text-align: left;\">\nCookies (also called &#8220;cookies&#8221;) are text files that are stored on your site&#8217;s end device. They<br \/>\ntypically include the page name suempol.pl, the time of their storage on the end device, and a<br \/>\nunique number used for identification of a particular user\u2019s session.<\/p>\n<h4 style=\"text-align: left;\">\nCookies used on the site<\/h4>\n<p>Cookies store basic user session information and information needed to optimize and display the<br \/>\ncontent on the pages correctly. This information is used to:<\/p>\n<ul>\n<li>Collect information about the pages you visit. The goal is to collect our site traffic statistics<br \/>\nanonymously.<\/li>\n<li>Verify and maintain sessions for users logging on to protected areas of the website.<\/li>\n<li>Remember basic user preferences \u2013 content that you&#8217;re viewing and format in which you&#8217;re<br \/>\nviewing the site.<\/li>\n<\/ul>\n<p>Cookies used on suempol.pl website do not store any personal or any other information collected<br \/>\nfrom users.<\/p>\n<p>The website uses two types of cookies: Session cookies and persistent cookies. Session cookies<br \/>\nare temporary files that are stored on your end device until you log out, exit the site, or leave the<br \/>\nweb browser. &#8220;Permanent&#8221; cookies are stored in your end device for a period of time specified in<br \/>\nthe cookie settings or until you delete them.<\/p>\n<h4>\nThird Party Cookies<\/h4>\n<p>You can receive cookies from third parties such as Facebook, Google, Twitter, Pinterest on<br \/>\nsuempol.pl. For more information about these cookies, please visit the individual third party web<br \/>\nsites.<\/p>\n<h4>\nBlocking and deleting cookies<\/h4>\n<p>All modern browsers allow you to enable or disable the cookie mechanism (normally enabled by<br \/>\ndefault). If you do not want to receive cookies or want to delete cookies, you can change your<br \/>\nbrowser settings.<\/p>\n<p>Please note that due to blocking of cookies some web page features may not work properly.<\/p>\n<h4>\nChanges of privacy policy<\/h4>\n<p>If the existing privacy policy is changed, all information about our privacy policy will be modified<br \/>\naccordingly.<\/p>\n<h4>\nAdministrator Identity:<\/h4>\n<p>The administrator is Suempol Sp. Z o.o.[ Polish Limited Liability Company] (hereinafter: The<br \/>\nCompany)<\/p>\n<h4>\nContact with the Administrator :<\/h4>\n<p>You can contact the administrator by sending an e-mail to the following email address:<br \/>\nbiuro@suempol.pl.<\/p>\n<h4>\nObjectives and legal basis of data processing:<\/h4>\n<p>Your data will be processed to use the digital services provided on the website www.suempol.pl<br \/>\nThe legal basis for processing your data is (Article 6 RODO, f) the legitimate interest of the<br \/>\nwebsite administrator, such as for example gathering data for the purpose of promoting the<br \/>\nCompany&#8217;s own products.<\/p>\n<h4>\nData recipients or categories of data recipients:<\/h4>\n<p>Your personal data may be shared with the data processing entity responsible for performing<br \/>\ntasks involving the maintenance and development of the website www.suempol.pl only in aid of<br \/>\nand upon request of the data administrator.<\/p>\n<h4>\nData retention period:<\/h4>\n<p>The data will be processed until any objection to data retention and processing is raised.<br \/>\nRight to limit or restrict data processing:<br \/>\nYour data processing may be limited or restricted upon your request send via e-mail directly to<br \/>\nthe following email address: biuro@suempol.pl.<\/p>\n<h4>\nData subjects&#8217; rights:<\/h4>\n<p>You have the right to access your data and the right to request a correction of your data. The<br \/>\nCompany&#8217;s right to your data retention is exercised in accordance with the Company&#8217;s internal<br \/>\nprocedures.<br \/>\nThe right to file a complaint with the supervisory authority:<br \/>\nYou also have the right to file a complaint with the data protection supervisory authority in your<br \/>\nMember State of your habitual or permanent residence, your place of work or a place of the<br \/>\nalleged infringement.<br \/>\nOffice of the President of the Office for the Protection of Personal Data (PUDO)<br \/>\nAddress: Stawki 2 Street, 00-193 Warsaw, Poland<br \/>\nTelephone: +48 22 860 70 86<\/p>\n<h4>\nInformation on the freedom or obligation to provide data:<\/h4>\n<p>Providing your data is not mandatory and The Company&#8217;s right to collection, retention and<br \/>\nprocessing of your data is exercised in accordance with the Company&#8217;s Privacy Policy described in<br \/>\nhere: http:\/\/suempol.pl\/kontakt\/polityka-wykorzystywania-plikow-cookies-ciasteczek-w-serwisieinternetowym-suempol-pl\/<\/p>\n","protected":false},"excerpt":{"rendered":"","protected":false},"author":1,"featured_media":0,"parent":0,"menu_order":0,"comment_status":"closed","ping_status":"closed","template":"","meta":{"_acf_changed":false,"inline_featured_image":false,"footnotes":""},"class_list":["post-534","page","type-page","status-publish","hentry"],"acf":[],"yoast_head":"<!-- This site is optimized with the Yoast SEO plugin v27.3 - https:\/\/yoast.com\/product\/yoast-seo-wordpress\/ -->\n<title>- Privacy policy<\/title>\n<meta name=\"robots\" content=\"noindex, follow\" \/>\n<meta property=\"og:locale\" content=\"en_US\" \/>\n<meta property=\"og:type\" content=\"article\" \/>\n<meta property=\"og:title\" content=\"- Privacy policy\" \/>\n<meta property=\"og:url\" content=\"https:\/\/suempol.pl\/en\/privacy-policy\/\" \/>\n<meta property=\"og:site_name\" content=\"Suempol\" \/>\n<meta property=\"article:modified_time\" content=\"2020-09-23T19:02:38+00:00\" \/>\n<meta name=\"twitter:card\" content=\"summary_large_image\" \/>\n<meta name=\"twitter:label1\" content=\"Est. reading time\" \/>\n\t<meta name=\"twitter:data1\" content=\"3 minutes\" \/>\n<script type=\"application\/ld+json\" class=\"yoast-schema-graph\">{\"@context\":\"https:\\\/\\\/schema.org\",\"@graph\":[{\"@type\":\"WebPage\",\"@id\":\"https:\\\/\\\/suempol.pl\\\/en\\\/privacy-policy\\\/\",\"url\":\"https:\\\/\\\/suempol.pl\\\/en\\\/privacy-policy\\\/\",\"name\":\"- Privacy policy\",\"isPartOf\":{\"@id\":\"https:\\\/\\\/suempol.pl\\\/#website\"},\"datePublished\":\"2020-07-01T09:36:59+00:00\",\"dateModified\":\"2020-09-23T19:02:38+00:00\",\"breadcrumb\":{\"@id\":\"https:\\\/\\\/suempol.pl\\\/en\\\/privacy-policy\\\/#breadcrumb\"},\"inLanguage\":\"en-US\",\"potentialAction\":[{\"@type\":\"ReadAction\",\"target\":[\"https:\\\/\\\/suempol.pl\\\/en\\\/privacy-policy\\\/\"]}]},{\"@type\":\"BreadcrumbList\",\"@id\":\"https:\\\/\\\/suempol.pl\\\/en\\\/privacy-policy\\\/#breadcrumb\",\"itemListElement\":[{\"@type\":\"ListItem\",\"position\":1,\"name\":\"Strona g\u0142\u00f3wna\",\"item\":\"https:\\\/\\\/suempol.pl\\\/en\\\/\"},{\"@type\":\"ListItem\",\"position\":2,\"name\":\"Privacy policy\"}]},{\"@type\":\"WebSite\",\"@id\":\"https:\\\/\\\/suempol.pl\\\/#website\",\"url\":\"https:\\\/\\\/suempol.pl\\\/\",\"name\":\"Suempol\",\"description\":\"Jeden z najwi\u0119kszych producent\u00f3w \u0142ososia w\u0119dzonego w Polsce i Europie.\",\"potentialAction\":[{\"@type\":\"SearchAction\",\"target\":{\"@type\":\"EntryPoint\",\"urlTemplate\":\"https:\\\/\\\/suempol.pl\\\/?s={search_term_string}\"},\"query-input\":{\"@type\":\"PropertyValueSpecification\",\"valueRequired\":true,\"valueName\":\"search_term_string\"}}],\"inLanguage\":\"en-US\"}]}<\/script>\n<!-- \/ Yoast SEO plugin. -->","yoast_head_json":{"title":"- Privacy policy","robots":{"index":"noindex","follow":"follow"},"og_locale":"en_US","og_type":"article","og_title":"- Privacy policy","og_url":"https:\/\/suempol.pl\/en\/privacy-policy\/","og_site_name":"Suempol","article_modified_time":"2020-09-23T19:02:38+00:00","twitter_card":"summary_large_image","twitter_misc":{"Est. reading time":"3 minutes"},"schema":{"@context":"https:\/\/schema.org","@graph":[{"@type":"WebPage","@id":"https:\/\/suempol.pl\/en\/privacy-policy\/","url":"https:\/\/suempol.pl\/en\/privacy-policy\/","name":"- Privacy policy","isPartOf":{"@id":"https:\/\/suempol.pl\/#website"},"datePublished":"2020-07-01T09:36:59+00:00","dateModified":"2020-09-23T19:02:38+00:00","breadcrumb":{"@id":"https:\/\/suempol.pl\/en\/privacy-policy\/#breadcrumb"},"inLanguage":"en-US","potentialAction":[{"@type":"ReadAction","target":["https:\/\/suempol.pl\/en\/privacy-policy\/"]}]},{"@type":"BreadcrumbList","@id":"https:\/\/suempol.pl\/en\/privacy-policy\/#breadcrumb","itemListElement":[{"@type":"ListItem","position":1,"name":"Strona g\u0142\u00f3wna","item":"https:\/\/suempol.pl\/en\/"},{"@type":"ListItem","position":2,"name":"Privacy policy"}]},{"@type":"WebSite","@id":"https:\/\/suempol.pl\/#website","url":"https:\/\/suempol.pl\/","name":"Suempol","description":"Jeden z najwi\u0119kszych producent\u00f3w \u0142ososia w\u0119dzonego w Polsce i Europie.","potentialAction":[{"@type":"SearchAction","target":{"@type":"EntryPoint","urlTemplate":"https:\/\/suempol.pl\/?s={search_term_string}"},"query-input":{"@type":"PropertyValueSpecification","valueRequired":true,"valueName":"search_term_string"}}],"inLanguage":"en-US"}]}},"_links":{"self":[{"href":"https:\/\/suempol.pl\/en\/wp-json\/wp\/v2\/pages\/534","targetHints":{"allow":["GET"]}}],"collection":[{"href":"https:\/\/suempol.pl\/en\/wp-json\/wp\/v2\/pages"}],"about":[{"href":"https:\/\/suempol.pl\/en\/wp-json\/wp\/v2\/types\/page"}],"author":[{"embeddable":true,"href":"https:\/\/suempol.pl\/en\/wp-json\/wp\/v2\/users\/1"}],"replies":[{"embeddable":true,"href":"https:\/\/suempol.pl\/en\/wp-json\/wp\/v2\/comments?post=534"}],"version-history":[{"count":5,"href":"https:\/\/suempol.pl\/en\/wp-json\/wp\/v2\/pages\/534\/revisions"}],"predecessor-version":[{"id":1940,"href":"https:\/\/suempol.pl\/en\/wp-json\/wp\/v2\/pages\/534\/revisions\/1940"}],"wp:attachment":[{"href":"https:\/\/suempol.pl\/en\/wp-json\/wp\/v2\/media?parent=534"}],"curies":[{"name":"wp","href":"https:\/\/api.w.org\/{rel}","templated":true}]}}